{"id":5666,"date":"2024-09-16T10:52:07","date_gmt":"2024-09-16T08:52:07","guid":{"rendered":"https:\/\/barnes-venice.com\/index.php\/a-propos\/"},"modified":"2026-03-09T12:04:12","modified_gmt":"2026-03-09T11:04:12","slug":"about-us","status":"publish","type":"page","link":"https:\/\/stays.barnes-venezia.com\/fr\/about-us\/","title":{"rendered":"\u00c0 propos"},"content":{"rendered":"\t\t<div data-elementor-type=\"wp-page\" data-elementor-id=\"5666\" class=\"elementor elementor-5666 elementor-3292\" data-elementor-post-type=\"page\">\n\t\t\t\t<div class=\"elementor-element elementor-element-69e794f e-flex e-con-boxed e-con e-parent\" data-id=\"69e794f\" data-element_type=\"container\" data-e-type=\"container\">\n\t\t\t\t\t<div class=\"e-con-inner\">\n\t\t\t\t<div class=\"elementor-element elementor-element-c309187 elementor-widget elementor-widget-tp-heading\" data-id=\"c309187\" data-element_type=\"widget\" data-e-type=\"widget\" data-settings=\"{&quot;tp_anima_type&quot;:&quot;fadeInRight&quot;}\" data-widget_type=\"tp-heading.default\">\n\t\t\t\t<div class=\"elementor-widget-container\">\n\t\t\t\t\t\r\n\t\t\t\t\t<div class=\"tp-bhume-section-heading mb-55 tp-el-section align-box wow fadeInRight\"\r\n\t\t\t\tdata-wow-duration=\"1s\" data-wow-delay=\"0.3s\">\r\n\t\t\t\t\t\t\t\t\t<span class=\"tp-section-title-pre tp-el-subtitle\">\r\n\t\t\t\t\t\tBarnes Venice\t\t\t\t\t<\/span>\r\n\t\t\t\t\r\n\t\t\t\t<h1 class=\"tp-section-title tp-el-title\">Luxury Holiday Homes<\/h1>\r\n\t\t\t\t\t\t\t\t\t<p class=\"tp-el-content\">\r\n\t\t\t\t\t\t<b>Barnes Venice Luxury Holiday Homes<\/b> est la division d\u00e9di\u00e9e aux <b>locations touristiques haut de gamme<\/b> \u00e0 Venise, d\u00e9velopp\u00e9e au sein de la m\u00eame structure op\u00e9rationnelle et du m\u00eame bureau repr\u00e9sentant <b>Barnes International Realty \u00e0 Venise<\/b>.<br> <br>\n\nCe projet est n\u00e9 de la volont\u00e9 de cr\u00e9er une plateforme claire, sp\u00e9cialis\u00e9e et autonome, enti\u00e8rement consacr\u00e9e \u00e0 l\u2019univers des <b>Luxury Holiday Homes<\/b>, sans interf\u00e9rer avec l\u2019activit\u00e9 immobili\u00e8re traditionnelle. Il s\u2019agit d\u2019une division \u00e0 part enti\u00e8re : m\u00eame vision, m\u00eames standards et m\u00eame exigence de qualit\u00e9, avec un p\u00e9rim\u00e8tre exclusivement d\u00e9di\u00e9 aux s\u00e9jours de courte dur\u00e9e.<br> <br>\n\nLa s\u00e9lection des propri\u00e9t\u00e9s repose sur des crit\u00e8res rigoureux de <b>qualit\u00e9, d\u2019emplacement et de valeur repr\u00e9sentative<\/b>, avec une approche privil\u00e9giant la dimension r\u00e9sidentielle plut\u00f4t qu\u2019h\u00f4teli\u00e8re. Chaque r\u00e9sidence est choisie pour offrir une exp\u00e9rience de s\u00e9jour en ad\u00e9quation avec les attentes d\u2019une client\u00e8le internationale habitu\u00e9e \u00e0 un haut niveau de confort, de confidentialit\u00e9 et de continuit\u00e9 de service.<br> <br>\n\nL\u2019\u00e9quipe de Barnes Venice Luxury Holiday Homes est issue du monde de <b>l\u2019hospitalit\u00e9 et de la gestion r\u00e9sidentielle haut de gamme<\/b>. L\u2019approche est avant tout op\u00e9rationnelle : conna\u00eetre chaque propri\u00e9t\u00e9 en profondeur, en comprendre les rythmes et la g\u00e9rer comme une v\u00e9ritable r\u00e9sidence priv\u00e9e fait partie int\u00e9grante de notre travail. Cela nous permet d\u2019accompagner chaque s\u00e9jour avec une attention concr\u00e8te, d\u2019anticiper les besoins des h\u00f4tes et de garantir des standards \u00e9lev\u00e9s, tant dans la s\u00e9lection des biens que dans leur gestion quotidienne.<br> <br>\n\nBarnes Venice Luxury Holiday Homes intervient exclusivement dans le domaine des <b>locations touristiques de luxe<\/b>. L\u2019ensemble des informations institutionnelles et immobili\u00e8res \u2014 incluant la pr\u00e9sentation du bureau, l\u2019\u00e9quipe, les activit\u00e9s de vente, les investissements et le conseil immobilier \u2014 est volontairement regroup\u00e9 sur le site principal <b>Barnes Venice \u2013 Real Estate<\/b>, qui constitue la r\u00e9f\u00e9rence officielle pour l\u2019activit\u00e9 immobili\u00e8re \u00e0 Venise.<br> <br>\n\nPour une vision compl\u00e8te du groupe et des services immobiliers :\n<b><b><a href=\"https:\/\/www.barnes-venezia.com\/fr\/\" target=\"_blank\">Barnes Venice \u2013 Real Estate<\/a><\/b> <br> <br><\/b>\t\t\t\t\t<\/p>\r\n\t\t\t\t\t\t\t<\/div>\r\n\r\n\t\t\t\t\t\t<\/div>\n\t\t\t\t<\/div>\n\t\t\t\t\t<\/div>\n\t\t\t\t<\/div>\n\t\t\t\t<\/div>\n\t\t","protected":false},"excerpt":{"rendered":"<p>Barnes Venice Luxury Holiday Homes Barnes Venice Luxury Holiday Homes est la division d\u00e9di\u00e9e aux locations touristiques haut de gamme \u00e0 Venise, d\u00e9velopp\u00e9e au sein de la m\u00eame structure op\u00e9rationnelle et du m\u00eame bureau repr\u00e9sentant Barnes International Realty \u00e0 Venise. Ce projet est n\u00e9 de la volont\u00e9 de cr\u00e9er une plateforme claire, sp\u00e9cialis\u00e9e et autonome, [&hellip;]<\/p>\n","protected":false},"author":1,"featured_media":0,"parent":0,"menu_order":0,"comment_status":"closed","ping_status":"closed","template":"elementor_header_footer","meta":{"footnotes":""},"class_list":["post-5666","page","type-page","status-publish","hentry"],"yoast_head":"<!-- This site is optimized with the Yoast SEO plugin v27.0 - https:\/\/yoast.com\/product\/yoast-seo-wordpress\/ -->\n<title>Chi siamo \u2013 Barnes Venice, agenzia immobiliare di lusso a Venezia<\/title>\n<meta name=\"description\" content=\"Scopri chi siamo: Barnes Venice, agenzia immobiliare di lusso a Venezia. Vendiamo e affittiamo appartamenti, ville e palazzi esclusivi.\" \/>\n<meta name=\"robots\" content=\"index, follow, max-snippet:-1, max-image-preview:large, max-video-preview:-1\" \/>\n<link rel=\"canonical\" href=\"https:\/\/stays.barnes-venezia.com\/fr\/about-us\/\" \/>\n<meta property=\"og:locale\" content=\"fr_FR\" \/>\n<meta property=\"og:type\" content=\"article\" \/>\n<meta property=\"og:title\" content=\"Chi siamo \u2013 Barnes Venice, agenzia immobiliare di lusso a Venezia\" \/>\n<meta property=\"og:description\" content=\"Scopri chi siamo: Barnes Venice, agenzia immobiliare di lusso a Venezia. Vendiamo e affittiamo appartamenti, ville e palazzi esclusivi.\" \/>\n<meta property=\"og:url\" content=\"https:\/\/stays.barnes-venezia.com\/fr\/about-us\/\" \/>\n<meta property=\"og:site_name\" content=\"BARNES Venice\" \/>\n<meta property=\"article:modified_time\" content=\"2026-03-09T11:04:12+00:00\" \/>\n<meta name=\"twitter:card\" content=\"summary_large_image\" \/>\n<meta name=\"twitter:label1\" content=\"Dur\u00e9e de lecture estim\u00e9e\" \/>\n\t<meta name=\"twitter:data1\" content=\"2 minutes\" \/>\n<script type=\"application\/ld+json\" class=\"yoast-schema-graph\">{\"@context\":\"https:\/\/schema.org\",\"@graph\":[{\"@type\":\"WebPage\",\"@id\":\"https:\/\/stays.barnes-venezia.com\/fr\/about-us\/\",\"url\":\"https:\/\/stays.barnes-venezia.com\/fr\/about-us\/\",\"name\":\"Chi siamo \u2013 Barnes Venice, agenzia immobiliare di lusso a Venezia\",\"isPartOf\":{\"@id\":\"https:\/\/stays.barnes-venezia.com\/fr\/#website\"},\"datePublished\":\"2024-09-16T08:52:07+00:00\",\"dateModified\":\"2026-03-09T11:04:12+00:00\",\"description\":\"Scopri chi siamo: Barnes Venice, agenzia immobiliare di lusso a Venezia. Vendiamo e affittiamo appartamenti, ville e palazzi esclusivi.\",\"breadcrumb\":{\"@id\":\"https:\/\/stays.barnes-venezia.com\/fr\/about-us\/#breadcrumb\"},\"inLanguage\":\"fr-FR\",\"potentialAction\":[{\"@type\":\"ReadAction\",\"target\":[\"https:\/\/stays.barnes-venezia.com\/fr\/about-us\/\"]}]},{\"@type\":\"BreadcrumbList\",\"@id\":\"https:\/\/stays.barnes-venezia.com\/fr\/about-us\/#breadcrumb\",\"itemListElement\":[{\"@type\":\"ListItem\",\"position\":1,\"name\":\"Home\",\"item\":\"https:\/\/stays.barnes-venezia.com\/fr\/\"},{\"@type\":\"ListItem\",\"position\":2,\"name\":\"\u00c0 propos\"}]},{\"@type\":\"WebSite\",\"@id\":\"https:\/\/stays.barnes-venezia.com\/fr\/#website\",\"url\":\"https:\/\/stays.barnes-venezia.com\/fr\/\",\"name\":\"BARNES Venice\",\"description\":\"Propriet\u00e0 di pregio a Venezia\",\"publisher\":{\"@id\":\"https:\/\/stays.barnes-venezia.com\/fr\/#organization\"},\"potentialAction\":[{\"@type\":\"SearchAction\",\"target\":{\"@type\":\"EntryPoint\",\"urlTemplate\":\"https:\/\/stays.barnes-venezia.com\/fr\/?s={search_term_string}\"},\"query-input\":{\"@type\":\"PropertyValueSpecification\",\"valueRequired\":true,\"valueName\":\"search_term_string\"}}],\"inLanguage\":\"fr-FR\"},{\"@type\":\"Organization\",\"@id\":\"https:\/\/stays.barnes-venezia.com\/fr\/#organization\",\"name\":\"BARNES Venice\",\"url\":\"https:\/\/stays.barnes-venezia.com\/fr\/\",\"logo\":{\"@type\":\"ImageObject\",\"inLanguage\":\"fr-FR\",\"@id\":\"https:\/\/stays.barnes-venezia.com\/fr\/#\/schema\/logo\/image\/\",\"url\":\"https:\/\/stays.barnes-venezia.com\/wp-content\/uploads\/2025\/03\/logo-black-01.svg\",\"contentUrl\":\"https:\/\/stays.barnes-venezia.com\/wp-content\/uploads\/2025\/03\/logo-black-01.svg\",\"width\":186,\"height\":48,\"caption\":\"BARNES Venice\"},\"image\":{\"@id\":\"https:\/\/stays.barnes-venezia.com\/fr\/#\/schema\/logo\/image\/\"}}]}<\/script>\n<!-- \/ Yoast SEO plugin. -->","yoast_head_json":{"title":"Chi siamo \u2013 Barnes Venice, agenzia immobiliare di lusso a Venezia","description":"Scopri chi siamo: Barnes Venice, agenzia immobiliare di lusso a Venezia. Vendiamo e affittiamo appartamenti, ville e palazzi esclusivi.","robots":{"index":"index","follow":"follow","max-snippet":"max-snippet:-1","max-image-preview":"max-image-preview:large","max-video-preview":"max-video-preview:-1"},"canonical":"https:\/\/stays.barnes-venezia.com\/fr\/about-us\/","og_locale":"fr_FR","og_type":"article","og_title":"Chi siamo \u2013 Barnes Venice, agenzia immobiliare di lusso a Venezia","og_description":"Scopri chi siamo: Barnes Venice, agenzia immobiliare di lusso a Venezia. Vendiamo e affittiamo appartamenti, ville e palazzi esclusivi.","og_url":"https:\/\/stays.barnes-venezia.com\/fr\/about-us\/","og_site_name":"BARNES Venice","article_modified_time":"2026-03-09T11:04:12+00:00","twitter_card":"summary_large_image","twitter_misc":{"Dur\u00e9e de lecture estim\u00e9e":"2 minutes"},"schema":{"@context":"https:\/\/schema.org","@graph":[{"@type":"WebPage","@id":"https:\/\/stays.barnes-venezia.com\/fr\/about-us\/","url":"https:\/\/stays.barnes-venezia.com\/fr\/about-us\/","name":"Chi siamo \u2013 Barnes Venice, agenzia immobiliare di lusso a Venezia","isPartOf":{"@id":"https:\/\/stays.barnes-venezia.com\/fr\/#website"},"datePublished":"2024-09-16T08:52:07+00:00","dateModified":"2026-03-09T11:04:12+00:00","description":"Scopri chi siamo: Barnes Venice, agenzia immobiliare di lusso a Venezia. Vendiamo e affittiamo appartamenti, ville e palazzi esclusivi.","breadcrumb":{"@id":"https:\/\/stays.barnes-venezia.com\/fr\/about-us\/#breadcrumb"},"inLanguage":"fr-FR","potentialAction":[{"@type":"ReadAction","target":["https:\/\/stays.barnes-venezia.com\/fr\/about-us\/"]}]},{"@type":"BreadcrumbList","@id":"https:\/\/stays.barnes-venezia.com\/fr\/about-us\/#breadcrumb","itemListElement":[{"@type":"ListItem","position":1,"name":"Home","item":"https:\/\/stays.barnes-venezia.com\/fr\/"},{"@type":"ListItem","position":2,"name":"\u00c0 propos"}]},{"@type":"WebSite","@id":"https:\/\/stays.barnes-venezia.com\/fr\/#website","url":"https:\/\/stays.barnes-venezia.com\/fr\/","name":"BARNES Venice","description":"Propriet\u00e0 di pregio a Venezia","publisher":{"@id":"https:\/\/stays.barnes-venezia.com\/fr\/#organization"},"potentialAction":[{"@type":"SearchAction","target":{"@type":"EntryPoint","urlTemplate":"https:\/\/stays.barnes-venezia.com\/fr\/?s={search_term_string}"},"query-input":{"@type":"PropertyValueSpecification","valueRequired":true,"valueName":"search_term_string"}}],"inLanguage":"fr-FR"},{"@type":"Organization","@id":"https:\/\/stays.barnes-venezia.com\/fr\/#organization","name":"BARNES Venice","url":"https:\/\/stays.barnes-venezia.com\/fr\/","logo":{"@type":"ImageObject","inLanguage":"fr-FR","@id":"https:\/\/stays.barnes-venezia.com\/fr\/#\/schema\/logo\/image\/","url":"https:\/\/stays.barnes-venezia.com\/wp-content\/uploads\/2025\/03\/logo-black-01.svg","contentUrl":"https:\/\/stays.barnes-venezia.com\/wp-content\/uploads\/2025\/03\/logo-black-01.svg","width":186,"height":48,"caption":"BARNES Venice"},"image":{"@id":"https:\/\/stays.barnes-venezia.com\/fr\/#\/schema\/logo\/image\/"}}]}},"_links":{"self":[{"href":"https:\/\/stays.barnes-venezia.com\/fr\/wp-json\/wp\/v2\/pages\/5666","targetHints":{"allow":["GET"]}}],"collection":[{"href":"https:\/\/stays.barnes-venezia.com\/fr\/wp-json\/wp\/v2\/pages"}],"about":[{"href":"https:\/\/stays.barnes-venezia.com\/fr\/wp-json\/wp\/v2\/types\/page"}],"author":[{"embeddable":true,"href":"https:\/\/stays.barnes-venezia.com\/fr\/wp-json\/wp\/v2\/users\/1"}],"replies":[{"embeddable":true,"href":"https:\/\/stays.barnes-venezia.com\/fr\/wp-json\/wp\/v2\/comments?post=5666"}],"version-history":[{"count":22,"href":"https:\/\/stays.barnes-venezia.com\/fr\/wp-json\/wp\/v2\/pages\/5666\/revisions"}],"predecessor-version":[{"id":14783,"href":"https:\/\/stays.barnes-venezia.com\/fr\/wp-json\/wp\/v2\/pages\/5666\/revisions\/14783"}],"wp:attachment":[{"href":"https:\/\/stays.barnes-venezia.com\/fr\/wp-json\/wp\/v2\/media?parent=5666"}],"curies":[{"name":"wp","href":"https:\/\/api.w.org\/{rel}","templated":true}]}}